{"id":1765,"date":"2023-05-17T13:11:43","date_gmt":"2023-05-17T11:11:43","guid":{"rendered":"https:\/\/surunairdejapon.ch\/shop2020\/?post_type=product&#038;p=1765"},"modified":"2023-05-17T13:11:44","modified_gmt":"2023-05-17T11:11:44","slug":"pochette-ki-yan-stuzio","status":"publish","type":"product","link":"https:\/\/surunairdejapon.ch\/shop2020\/produit\/pochette-ki-yan-stuzio\/","title":{"rendered":"Pochette ki-yan Stuzio"},"content":{"rendered":"","protected":false},"excerpt":{"rendered":"<p>Pochette en coton \u00e0 fermeture \u00e9clair<br \/>\nRev\u00eatement PVC 100% nylon qui apporte un effet brillant et des propri\u00e9t\u00e9s imperm\u00e9ables, antisalissure et facilite le nettoyage de la pochette<br \/>\nFabrication artisanale Japon<br \/>\nKi-Yan Stuzio, s\u00e9rie limit\u00e9e<\/p>\n","protected":false},"featured_media":1768,"comment_status":"open","ping_status":"closed","template":"","meta":[],"product_cat":[17,84],"product_tag":[203,298],"yoast_head":"<!-- This site is optimized with the Yoast SEO plugin v18.2 - https:\/\/yoast.com\/wordpress\/plugins\/seo\/ -->\n<title>Pochette ki-yan Stuzio - Shop Sur un air de Japon<\/title>\n<meta name=\"robots\" content=\"index, follow, max-snippet:-1, max-image-preview:large, max-video-preview:-1\" \/>\n<link rel=\"canonical\" href=\"https:\/\/surunairdejapon.ch\/shop2020\/produit\/pochette-ki-yan-stuzio\/\" \/>\n<meta property=\"og:locale\" content=\"fr_FR\" \/>\n<meta property=\"og:type\" content=\"article\" \/>\n<meta property=\"og:title\" content=\"Pochette ki-yan Stuzio - Shop Sur un air de Japon\" \/>\n<meta property=\"og:description\" content=\"Pochette en coton \u00e0 fermeture \u00e9clair Rev\u00eatement PVC 100% nylon qui apporte un effet brillant et des propri\u00e9t\u00e9s imperm\u00e9ables, antisalissure et facilite le nettoyage de la pochette Fabrication artisanale Japon Ki-Yan Stuzio, s\u00e9rie limit\u00e9e\" \/>\n<meta property=\"og:url\" content=\"https:\/\/surunairdejapon.ch\/shop2020\/produit\/pochette-ki-yan-stuzio\/\" \/>\n<meta property=\"og:site_name\" content=\"Shop Sur un air de Japon\" \/>\n<meta property=\"article:modified_time\" content=\"2023-05-17T11:11:44+00:00\" \/>\n<meta property=\"og:image\" content=\"https:\/\/surunairdejapon.ch\/shop2020\/wp-content\/uploads\/2023\/05\/20230517_130718-scaled.jpg\" \/>\n\t<meta property=\"og:image:width\" content=\"2560\" \/>\n\t<meta property=\"og:image:height\" content=\"1920\" \/>\n\t<meta property=\"og:image:type\" content=\"image\/jpeg\" \/>\n<meta name=\"twitter:card\" content=\"summary_large_image\" \/>\n<script type=\"application\/ld+json\" class=\"yoast-schema-graph\">{\"@context\":\"https:\/\/schema.org\",\"@graph\":[{\"@type\":\"WebSite\",\"@id\":\"https:\/\/surunairdejapon.ch\/shop2020\/#website\",\"url\":\"https:\/\/surunairdejapon.ch\/shop2020\/\",\"name\":\"Shop Sur un air de Japon\",\"description\":\"\",\"potentialAction\":[{\"@type\":\"SearchAction\",\"target\":{\"@type\":\"EntryPoint\",\"urlTemplate\":\"https:\/\/surunairdejapon.ch\/shop2020\/?s={search_term_string}\"},\"query-input\":\"required name=search_term_string\"}],\"inLanguage\":\"fr-FR\"},{\"@type\":\"ImageObject\",\"@id\":\"https:\/\/surunairdejapon.ch\/shop2020\/produit\/pochette-ki-yan-stuzio\/#primaryimage\",\"inLanguage\":\"fr-FR\",\"url\":\"https:\/\/surunairdejapon.ch\/shop2020\/wp-content\/uploads\/2023\/05\/20230517_130718-scaled.jpg\",\"contentUrl\":\"https:\/\/surunairdejapon.ch\/shop2020\/wp-content\/uploads\/2023\/05\/20230517_130718-scaled.jpg\",\"width\":2560,\"height\":1920},{\"@type\":\"WebPage\",\"@id\":\"https:\/\/surunairdejapon.ch\/shop2020\/produit\/pochette-ki-yan-stuzio\/#webpage\",\"url\":\"https:\/\/surunairdejapon.ch\/shop2020\/produit\/pochette-ki-yan-stuzio\/\",\"name\":\"Pochette ki-yan Stuzio - Shop Sur un air de Japon\",\"isPartOf\":{\"@id\":\"https:\/\/surunairdejapon.ch\/shop2020\/#website\"},\"primaryImageOfPage\":{\"@id\":\"https:\/\/surunairdejapon.ch\/shop2020\/produit\/pochette-ki-yan-stuzio\/#primaryimage\"},\"datePublished\":\"2023-05-17T11:11:43+00:00\",\"dateModified\":\"2023-05-17T11:11:44+00:00\",\"breadcrumb\":{\"@id\":\"https:\/\/surunairdejapon.ch\/shop2020\/produit\/pochette-ki-yan-stuzio\/#breadcrumb\"},\"inLanguage\":\"fr-FR\",\"potentialAction\":[{\"@type\":\"ReadAction\",\"target\":[\"https:\/\/surunairdejapon.ch\/shop2020\/produit\/pochette-ki-yan-stuzio\/\"]}]},{\"@type\":\"BreadcrumbList\",\"@id\":\"https:\/\/surunairdejapon.ch\/shop2020\/produit\/pochette-ki-yan-stuzio\/#breadcrumb\",\"itemListElement\":[{\"@type\":\"ListItem\",\"position\":1,\"name\":\"Accueil\",\"item\":\"https:\/\/surunairdejapon.ch\/shop2020\/\"},{\"@type\":\"ListItem\",\"position\":2,\"name\":\"Boutique\",\"item\":\"https:\/\/surunairdejapon.ch\/shop2020\/\"},{\"@type\":\"ListItem\",\"position\":3,\"name\":\"Pochette ki-yan Stuzio\"}]}]}<\/script>\n<!-- \/ Yoast SEO plugin. -->","yoast_head_json":{"title":"Pochette ki-yan Stuzio - Shop Sur un air de Japon","robots":{"index":"index","follow":"follow","max-snippet":"max-snippet:-1","max-image-preview":"max-image-preview:large","max-video-preview":"max-video-preview:-1"},"canonical":"https:\/\/surunairdejapon.ch\/shop2020\/produit\/pochette-ki-yan-stuzio\/","og_locale":"fr_FR","og_type":"article","og_title":"Pochette ki-yan Stuzio - Shop Sur un air de Japon","og_description":"Pochette en coton \u00e0 fermeture \u00e9clair Rev\u00eatement PVC 100% nylon qui apporte un effet brillant et des propri\u00e9t\u00e9s imperm\u00e9ables, antisalissure et facilite le nettoyage de la pochette Fabrication artisanale Japon Ki-Yan Stuzio, s\u00e9rie limit\u00e9e","og_url":"https:\/\/surunairdejapon.ch\/shop2020\/produit\/pochette-ki-yan-stuzio\/","og_site_name":"Shop Sur un air de Japon","article_modified_time":"2023-05-17T11:11:44+00:00","og_image":[{"width":2560,"height":1920,"url":"https:\/\/surunairdejapon.ch\/shop2020\/wp-content\/uploads\/2023\/05\/20230517_130718-scaled.jpg","type":"image\/jpeg"}],"twitter_card":"summary_large_image","schema":{"@context":"https:\/\/schema.org","@graph":[{"@type":"WebSite","@id":"https:\/\/surunairdejapon.ch\/shop2020\/#website","url":"https:\/\/surunairdejapon.ch\/shop2020\/","name":"Shop Sur un air de Japon","description":"","potentialAction":[{"@type":"SearchAction","target":{"@type":"EntryPoint","urlTemplate":"https:\/\/surunairdejapon.ch\/shop2020\/?s={search_term_string}"},"query-input":"required name=search_term_string"}],"inLanguage":"fr-FR"},{"@type":"ImageObject","@id":"https:\/\/surunairdejapon.ch\/shop2020\/produit\/pochette-ki-yan-stuzio\/#primaryimage","inLanguage":"fr-FR","url":"https:\/\/surunairdejapon.ch\/shop2020\/wp-content\/uploads\/2023\/05\/20230517_130718-scaled.jpg","contentUrl":"https:\/\/surunairdejapon.ch\/shop2020\/wp-content\/uploads\/2023\/05\/20230517_130718-scaled.jpg","width":2560,"height":1920},{"@type":"WebPage","@id":"https:\/\/surunairdejapon.ch\/shop2020\/produit\/pochette-ki-yan-stuzio\/#webpage","url":"https:\/\/surunairdejapon.ch\/shop2020\/produit\/pochette-ki-yan-stuzio\/","name":"Pochette ki-yan Stuzio - Shop Sur un air de Japon","isPartOf":{"@id":"https:\/\/surunairdejapon.ch\/shop2020\/#website"},"primaryImageOfPage":{"@id":"https:\/\/surunairdejapon.ch\/shop2020\/produit\/pochette-ki-yan-stuzio\/#primaryimage"},"datePublished":"2023-05-17T11:11:43+00:00","dateModified":"2023-05-17T11:11:44+00:00","breadcrumb":{"@id":"https:\/\/surunairdejapon.ch\/shop2020\/produit\/pochette-ki-yan-stuzio\/#breadcrumb"},"inLanguage":"fr-FR","potentialAction":[{"@type":"ReadAction","target":["https:\/\/surunairdejapon.ch\/shop2020\/produit\/pochette-ki-yan-stuzio\/"]}]},{"@type":"BreadcrumbList","@id":"https:\/\/surunairdejapon.ch\/shop2020\/produit\/pochette-ki-yan-stuzio\/#breadcrumb","itemListElement":[{"@type":"ListItem","position":1,"name":"Accueil","item":"https:\/\/surunairdejapon.ch\/shop2020\/"},{"@type":"ListItem","position":2,"name":"Boutique","item":"https:\/\/surunairdejapon.ch\/shop2020\/"},{"@type":"ListItem","position":3,"name":"Pochette ki-yan Stuzio"}]}]}},"_links":{"self":[{"href":"https:\/\/surunairdejapon.ch\/shop2020\/wp-json\/wp\/v2\/product\/1765"}],"collection":[{"href":"https:\/\/surunairdejapon.ch\/shop2020\/wp-json\/wp\/v2\/product"}],"about":[{"href":"https:\/\/surunairdejapon.ch\/shop2020\/wp-json\/wp\/v2\/types\/product"}],"replies":[{"embeddable":true,"href":"https:\/\/surunairdejapon.ch\/shop2020\/wp-json\/wp\/v2\/comments?post=1765"}],"wp:featuredmedia":[{"embeddable":true,"href":"https:\/\/surunairdejapon.ch\/shop2020\/wp-json\/wp\/v2\/media\/1768"}],"wp:attachment":[{"href":"https:\/\/surunairdejapon.ch\/shop2020\/wp-json\/wp\/v2\/media?parent=1765"}],"wp:term":[{"taxonomy":"product_cat","embeddable":true,"href":"https:\/\/surunairdejapon.ch\/shop2020\/wp-json\/wp\/v2\/product_cat?post=1765"},{"taxonomy":"product_tag","embeddable":true,"href":"https:\/\/surunairdejapon.ch\/shop2020\/wp-json\/wp\/v2\/product_tag?post=1765"}],"curies":[{"name":"wp","href":"https:\/\/api.w.org\/{rel}","templated":true}]}}