{"id":1972,"date":"2024-01-26T12:22:47","date_gmt":"2024-01-26T11:22:47","guid":{"rendered":"https:\/\/surunairdejapon.ch\/shop2020\/?post_type=product&#038;p=1972"},"modified":"2024-01-26T12:32:17","modified_gmt":"2024-01-26T11:32:17","slug":"set-de-3-paires-de-baguettes-longues-33cm-cuisine","status":"publish","type":"product","link":"https:\/\/surunairdejapon.ch\/shop2020\/produit\/set-de-3-paires-de-baguettes-longues-33cm-cuisine\/","title":{"rendered":"Set de 3 paires de baguettes &#8211; longues (33cm)"},"content":{"rendered":"<p>Set de 3 paires de baguettes japonaises en bambou naturel<br \/>\nManches antid\u00e9rapants \u00e0 motif color\u00e9 fleurs<br \/>\n33cm id\u00e9al pour cuisiner<\/p>\n","protected":false},"excerpt":{"rendered":"<p>Set de 3 paires de baguettes japonaises en bambou naturel<br \/>\nManches antid\u00e9rapants \u00e0 motif color\u00e9 fleurs<br \/>\n33cm id\u00e9al pour cuisiner<\/p>\n","protected":false},"featured_media":1970,"comment_status":"closed","ping_status":"closed","template":"","meta":[],"product_cat":[88,101],"product_tag":[208,210,209,203],"yoast_head":"<!-- This site is optimized with the Yoast SEO plugin v18.2 - https:\/\/yoast.com\/wordpress\/plugins\/seo\/ -->\n<title>Set de 3 paires de baguettes - longues (33cm) - Shop Sur un air de Japon<\/title>\n<meta name=\"robots\" content=\"index, follow, max-snippet:-1, max-image-preview:large, max-video-preview:-1\" \/>\n<link rel=\"canonical\" href=\"https:\/\/surunairdejapon.ch\/shop2020\/produit\/set-de-3-paires-de-baguettes-longues-33cm-cuisine\/\" \/>\n<meta property=\"og:locale\" content=\"fr_FR\" \/>\n<meta property=\"og:type\" content=\"article\" \/>\n<meta property=\"og:title\" content=\"Set de 3 paires de baguettes - longues (33cm) - Shop Sur un air de Japon\" \/>\n<meta property=\"og:description\" content=\"Set de 3 paires de baguettes japonaises en bambou naturel Manches antid\u00e9rapants \u00e0 motif color\u00e9 fleurs 33cm id\u00e9al pour cuisiner\" \/>\n<meta property=\"og:url\" content=\"https:\/\/surunairdejapon.ch\/shop2020\/produit\/set-de-3-paires-de-baguettes-longues-33cm-cuisine\/\" \/>\n<meta property=\"og:site_name\" content=\"Shop Sur un air de Japon\" \/>\n<meta property=\"article:modified_time\" content=\"2024-01-26T11:32:17+00:00\" \/>\n<meta property=\"og:image\" content=\"https:\/\/surunairdejapon.ch\/shop2020\/wp-content\/uploads\/2024\/01\/20240126_121415-scaled.jpg\" \/>\n\t<meta property=\"og:image:width\" content=\"1818\" \/>\n\t<meta property=\"og:image:height\" content=\"2560\" \/>\n\t<meta property=\"og:image:type\" content=\"image\/jpeg\" \/>\n<meta name=\"twitter:card\" content=\"summary_large_image\" \/>\n<script type=\"application\/ld+json\" class=\"yoast-schema-graph\">{\"@context\":\"https:\/\/schema.org\",\"@graph\":[{\"@type\":\"WebSite\",\"@id\":\"https:\/\/surunairdejapon.ch\/shop2020\/#website\",\"url\":\"https:\/\/surunairdejapon.ch\/shop2020\/\",\"name\":\"Shop Sur un air de Japon\",\"description\":\"\",\"potentialAction\":[{\"@type\":\"SearchAction\",\"target\":{\"@type\":\"EntryPoint\",\"urlTemplate\":\"https:\/\/surunairdejapon.ch\/shop2020\/?s={search_term_string}\"},\"query-input\":\"required name=search_term_string\"}],\"inLanguage\":\"fr-FR\"},{\"@type\":\"ImageObject\",\"@id\":\"https:\/\/surunairdejapon.ch\/shop2020\/produit\/set-de-3-paires-de-baguettes-longues-33cm-cuisine\/#primaryimage\",\"inLanguage\":\"fr-FR\",\"url\":\"https:\/\/surunairdejapon.ch\/shop2020\/wp-content\/uploads\/2024\/01\/20240126_121415-scaled.jpg\",\"contentUrl\":\"https:\/\/surunairdejapon.ch\/shop2020\/wp-content\/uploads\/2024\/01\/20240126_121415-scaled.jpg\",\"width\":1818,\"height\":2560},{\"@type\":\"WebPage\",\"@id\":\"https:\/\/surunairdejapon.ch\/shop2020\/produit\/set-de-3-paires-de-baguettes-longues-33cm-cuisine\/#webpage\",\"url\":\"https:\/\/surunairdejapon.ch\/shop2020\/produit\/set-de-3-paires-de-baguettes-longues-33cm-cuisine\/\",\"name\":\"Set de 3 paires de baguettes - longues (33cm) - Shop Sur un air de Japon\",\"isPartOf\":{\"@id\":\"https:\/\/surunairdejapon.ch\/shop2020\/#website\"},\"primaryImageOfPage\":{\"@id\":\"https:\/\/surunairdejapon.ch\/shop2020\/produit\/set-de-3-paires-de-baguettes-longues-33cm-cuisine\/#primaryimage\"},\"datePublished\":\"2024-01-26T11:22:47+00:00\",\"dateModified\":\"2024-01-26T11:32:17+00:00\",\"breadcrumb\":{\"@id\":\"https:\/\/surunairdejapon.ch\/shop2020\/produit\/set-de-3-paires-de-baguettes-longues-33cm-cuisine\/#breadcrumb\"},\"inLanguage\":\"fr-FR\",\"potentialAction\":[{\"@type\":\"ReadAction\",\"target\":[\"https:\/\/surunairdejapon.ch\/shop2020\/produit\/set-de-3-paires-de-baguettes-longues-33cm-cuisine\/\"]}]},{\"@type\":\"BreadcrumbList\",\"@id\":\"https:\/\/surunairdejapon.ch\/shop2020\/produit\/set-de-3-paires-de-baguettes-longues-33cm-cuisine\/#breadcrumb\",\"itemListElement\":[{\"@type\":\"ListItem\",\"position\":1,\"name\":\"Accueil\",\"item\":\"https:\/\/surunairdejapon.ch\/shop2020\/\"},{\"@type\":\"ListItem\",\"position\":2,\"name\":\"Boutique\",\"item\":\"https:\/\/surunairdejapon.ch\/shop2020\/\"},{\"@type\":\"ListItem\",\"position\":3,\"name\":\"Set de 3 paires de baguettes &#8211; longues (33cm)\"}]}]}<\/script>\n<!-- \/ Yoast SEO plugin. -->","yoast_head_json":{"title":"Set de 3 paires de baguettes - longues (33cm) - Shop Sur un air de Japon","robots":{"index":"index","follow":"follow","max-snippet":"max-snippet:-1","max-image-preview":"max-image-preview:large","max-video-preview":"max-video-preview:-1"},"canonical":"https:\/\/surunairdejapon.ch\/shop2020\/produit\/set-de-3-paires-de-baguettes-longues-33cm-cuisine\/","og_locale":"fr_FR","og_type":"article","og_title":"Set de 3 paires de baguettes - longues (33cm) - Shop Sur un air de Japon","og_description":"Set de 3 paires de baguettes japonaises en bambou naturel Manches antid\u00e9rapants \u00e0 motif color\u00e9 fleurs 33cm id\u00e9al pour cuisiner","og_url":"https:\/\/surunairdejapon.ch\/shop2020\/produit\/set-de-3-paires-de-baguettes-longues-33cm-cuisine\/","og_site_name":"Shop Sur un air de Japon","article_modified_time":"2024-01-26T11:32:17+00:00","og_image":[{"width":1818,"height":2560,"url":"https:\/\/surunairdejapon.ch\/shop2020\/wp-content\/uploads\/2024\/01\/20240126_121415-scaled.jpg","type":"image\/jpeg"}],"twitter_card":"summary_large_image","schema":{"@context":"https:\/\/schema.org","@graph":[{"@type":"WebSite","@id":"https:\/\/surunairdejapon.ch\/shop2020\/#website","url":"https:\/\/surunairdejapon.ch\/shop2020\/","name":"Shop Sur un air de Japon","description":"","potentialAction":[{"@type":"SearchAction","target":{"@type":"EntryPoint","urlTemplate":"https:\/\/surunairdejapon.ch\/shop2020\/?s={search_term_string}"},"query-input":"required name=search_term_string"}],"inLanguage":"fr-FR"},{"@type":"ImageObject","@id":"https:\/\/surunairdejapon.ch\/shop2020\/produit\/set-de-3-paires-de-baguettes-longues-33cm-cuisine\/#primaryimage","inLanguage":"fr-FR","url":"https:\/\/surunairdejapon.ch\/shop2020\/wp-content\/uploads\/2024\/01\/20240126_121415-scaled.jpg","contentUrl":"https:\/\/surunairdejapon.ch\/shop2020\/wp-content\/uploads\/2024\/01\/20240126_121415-scaled.jpg","width":1818,"height":2560},{"@type":"WebPage","@id":"https:\/\/surunairdejapon.ch\/shop2020\/produit\/set-de-3-paires-de-baguettes-longues-33cm-cuisine\/#webpage","url":"https:\/\/surunairdejapon.ch\/shop2020\/produit\/set-de-3-paires-de-baguettes-longues-33cm-cuisine\/","name":"Set de 3 paires de baguettes - longues (33cm) - Shop Sur un air de Japon","isPartOf":{"@id":"https:\/\/surunairdejapon.ch\/shop2020\/#website"},"primaryImageOfPage":{"@id":"https:\/\/surunairdejapon.ch\/shop2020\/produit\/set-de-3-paires-de-baguettes-longues-33cm-cuisine\/#primaryimage"},"datePublished":"2024-01-26T11:22:47+00:00","dateModified":"2024-01-26T11:32:17+00:00","breadcrumb":{"@id":"https:\/\/surunairdejapon.ch\/shop2020\/produit\/set-de-3-paires-de-baguettes-longues-33cm-cuisine\/#breadcrumb"},"inLanguage":"fr-FR","potentialAction":[{"@type":"ReadAction","target":["https:\/\/surunairdejapon.ch\/shop2020\/produit\/set-de-3-paires-de-baguettes-longues-33cm-cuisine\/"]}]},{"@type":"BreadcrumbList","@id":"https:\/\/surunairdejapon.ch\/shop2020\/produit\/set-de-3-paires-de-baguettes-longues-33cm-cuisine\/#breadcrumb","itemListElement":[{"@type":"ListItem","position":1,"name":"Accueil","item":"https:\/\/surunairdejapon.ch\/shop2020\/"},{"@type":"ListItem","position":2,"name":"Boutique","item":"https:\/\/surunairdejapon.ch\/shop2020\/"},{"@type":"ListItem","position":3,"name":"Set de 3 paires de baguettes &#8211; longues (33cm)"}]}]}},"_links":{"self":[{"href":"https:\/\/surunairdejapon.ch\/shop2020\/wp-json\/wp\/v2\/product\/1972"}],"collection":[{"href":"https:\/\/surunairdejapon.ch\/shop2020\/wp-json\/wp\/v2\/product"}],"about":[{"href":"https:\/\/surunairdejapon.ch\/shop2020\/wp-json\/wp\/v2\/types\/product"}],"replies":[{"embeddable":true,"href":"https:\/\/surunairdejapon.ch\/shop2020\/wp-json\/wp\/v2\/comments?post=1972"}],"wp:featuredmedia":[{"embeddable":true,"href":"https:\/\/surunairdejapon.ch\/shop2020\/wp-json\/wp\/v2\/media\/1970"}],"wp:attachment":[{"href":"https:\/\/surunairdejapon.ch\/shop2020\/wp-json\/wp\/v2\/media?parent=1972"}],"wp:term":[{"taxonomy":"product_cat","embeddable":true,"href":"https:\/\/surunairdejapon.ch\/shop2020\/wp-json\/wp\/v2\/product_cat?post=1972"},{"taxonomy":"product_tag","embeddable":true,"href":"https:\/\/surunairdejapon.ch\/shop2020\/wp-json\/wp\/v2\/product_tag?post=1972"}],"curies":[{"name":"wp","href":"https:\/\/api.w.org\/{rel}","templated":true}]}}