{"id":2508,"date":"2025-12-20T17:07:44","date_gmt":"2025-12-20T16:07:44","guid":{"rendered":"https:\/\/surunairdejapon.ch\/shop2020\/?post_type=product&#038;p=2508"},"modified":"2025-12-20T17:11:02","modified_gmt":"2025-12-20T16:11:02","slug":"livre-desquisses-petit-format","status":"publish","type":"product","link":"https:\/\/surunairdejapon.ch\/shop2020\/produit\/livre-desquisses-petit-format\/","title":{"rendered":"Livre d&#8217;esquisses petit format"},"content":{"rendered":"","protected":false},"excerpt":{"rendered":"<p>Livre d&#8217;esquisses, 11 x 16 cm<br \/>\nCouverture papier japonais Chiyogami (imprim\u00e9 main)<\/p>\n<p>80 pages. D\u00e9coupe moyenn\u00e2geuse<\/p>\n","protected":false},"featured_media":2498,"comment_status":"open","ping_status":"closed","template":"","meta":[],"product_cat":[132],"product_tag":[424,426,425,203,266],"yoast_head":"<!-- This site is optimized with the Yoast SEO plugin v18.2 - https:\/\/yoast.com\/wordpress\/plugins\/seo\/ -->\n<title>Livre d&#039;esquisses petit format - Shop Sur un air de Japon<\/title>\n<meta name=\"robots\" content=\"index, follow, max-snippet:-1, max-image-preview:large, max-video-preview:-1\" \/>\n<link rel=\"canonical\" href=\"https:\/\/surunairdejapon.ch\/shop2020\/produit\/livre-desquisses-petit-format\/\" \/>\n<meta property=\"og:locale\" content=\"fr_FR\" \/>\n<meta property=\"og:type\" content=\"article\" \/>\n<meta property=\"og:title\" content=\"Livre d&#039;esquisses petit format - Shop Sur un air de Japon\" \/>\n<meta property=\"og:description\" content=\"Livre d&#039;esquisses, 11 x 16 cm Couverture papier japonais Chiyogami (imprim\u00e9 main)  80 pages. D\u00e9coupe moyenn\u00e2geuse\" \/>\n<meta property=\"og:url\" content=\"https:\/\/surunairdejapon.ch\/shop2020\/produit\/livre-desquisses-petit-format\/\" \/>\n<meta property=\"og:site_name\" content=\"Shop Sur un air de Japon\" \/>\n<meta property=\"article:modified_time\" content=\"2025-12-20T16:11:02+00:00\" \/>\n<meta property=\"og:image\" content=\"https:\/\/surunairdejapon.ch\/shop2020\/wp-content\/uploads\/2025\/12\/IMG_20251220_165534_311-1-scaled.jpg\" \/>\n\t<meta property=\"og:image:width\" content=\"2560\" \/>\n\t<meta property=\"og:image:height\" content=\"1920\" \/>\n\t<meta property=\"og:image:type\" content=\"image\/jpeg\" \/>\n<meta name=\"twitter:card\" content=\"summary_large_image\" \/>\n<script type=\"application\/ld+json\" class=\"yoast-schema-graph\">{\"@context\":\"https:\/\/schema.org\",\"@graph\":[{\"@type\":\"WebSite\",\"@id\":\"https:\/\/surunairdejapon.ch\/shop2020\/#website\",\"url\":\"https:\/\/surunairdejapon.ch\/shop2020\/\",\"name\":\"Shop Sur un air de Japon\",\"description\":\"\",\"potentialAction\":[{\"@type\":\"SearchAction\",\"target\":{\"@type\":\"EntryPoint\",\"urlTemplate\":\"https:\/\/surunairdejapon.ch\/shop2020\/?s={search_term_string}\"},\"query-input\":\"required name=search_term_string\"}],\"inLanguage\":\"fr-FR\"},{\"@type\":\"ImageObject\",\"@id\":\"https:\/\/surunairdejapon.ch\/shop2020\/produit\/livre-desquisses-petit-format\/#primaryimage\",\"inLanguage\":\"fr-FR\",\"url\":\"https:\/\/surunairdejapon.ch\/shop2020\/wp-content\/uploads\/2025\/12\/IMG_20251220_165534_311-1-scaled.jpg\",\"contentUrl\":\"https:\/\/surunairdejapon.ch\/shop2020\/wp-content\/uploads\/2025\/12\/IMG_20251220_165534_311-1-scaled.jpg\",\"width\":2560,\"height\":1920},{\"@type\":\"WebPage\",\"@id\":\"https:\/\/surunairdejapon.ch\/shop2020\/produit\/livre-desquisses-petit-format\/#webpage\",\"url\":\"https:\/\/surunairdejapon.ch\/shop2020\/produit\/livre-desquisses-petit-format\/\",\"name\":\"Livre d'esquisses petit format - Shop Sur un air de Japon\",\"isPartOf\":{\"@id\":\"https:\/\/surunairdejapon.ch\/shop2020\/#website\"},\"primaryImageOfPage\":{\"@id\":\"https:\/\/surunairdejapon.ch\/shop2020\/produit\/livre-desquisses-petit-format\/#primaryimage\"},\"datePublished\":\"2025-12-20T16:07:44+00:00\",\"dateModified\":\"2025-12-20T16:11:02+00:00\",\"breadcrumb\":{\"@id\":\"https:\/\/surunairdejapon.ch\/shop2020\/produit\/livre-desquisses-petit-format\/#breadcrumb\"},\"inLanguage\":\"fr-FR\",\"potentialAction\":[{\"@type\":\"ReadAction\",\"target\":[\"https:\/\/surunairdejapon.ch\/shop2020\/produit\/livre-desquisses-petit-format\/\"]}]},{\"@type\":\"BreadcrumbList\",\"@id\":\"https:\/\/surunairdejapon.ch\/shop2020\/produit\/livre-desquisses-petit-format\/#breadcrumb\",\"itemListElement\":[{\"@type\":\"ListItem\",\"position\":1,\"name\":\"Accueil\",\"item\":\"https:\/\/surunairdejapon.ch\/shop2020\/\"},{\"@type\":\"ListItem\",\"position\":2,\"name\":\"Boutique\",\"item\":\"https:\/\/surunairdejapon.ch\/shop2020\/\"},{\"@type\":\"ListItem\",\"position\":3,\"name\":\"Livre d&#8217;esquisses petit format\"}]}]}<\/script>\n<!-- \/ Yoast SEO plugin. -->","yoast_head_json":{"title":"Livre d'esquisses petit format - Shop Sur un air de Japon","robots":{"index":"index","follow":"follow","max-snippet":"max-snippet:-1","max-image-preview":"max-image-preview:large","max-video-preview":"max-video-preview:-1"},"canonical":"https:\/\/surunairdejapon.ch\/shop2020\/produit\/livre-desquisses-petit-format\/","og_locale":"fr_FR","og_type":"article","og_title":"Livre d'esquisses petit format - Shop Sur un air de Japon","og_description":"Livre d'esquisses, 11 x 16 cm Couverture papier japonais Chiyogami (imprim\u00e9 main)  80 pages. D\u00e9coupe moyenn\u00e2geuse","og_url":"https:\/\/surunairdejapon.ch\/shop2020\/produit\/livre-desquisses-petit-format\/","og_site_name":"Shop Sur un air de Japon","article_modified_time":"2025-12-20T16:11:02+00:00","og_image":[{"width":2560,"height":1920,"url":"https:\/\/surunairdejapon.ch\/shop2020\/wp-content\/uploads\/2025\/12\/IMG_20251220_165534_311-1-scaled.jpg","type":"image\/jpeg"}],"twitter_card":"summary_large_image","schema":{"@context":"https:\/\/schema.org","@graph":[{"@type":"WebSite","@id":"https:\/\/surunairdejapon.ch\/shop2020\/#website","url":"https:\/\/surunairdejapon.ch\/shop2020\/","name":"Shop Sur un air de Japon","description":"","potentialAction":[{"@type":"SearchAction","target":{"@type":"EntryPoint","urlTemplate":"https:\/\/surunairdejapon.ch\/shop2020\/?s={search_term_string}"},"query-input":"required name=search_term_string"}],"inLanguage":"fr-FR"},{"@type":"ImageObject","@id":"https:\/\/surunairdejapon.ch\/shop2020\/produit\/livre-desquisses-petit-format\/#primaryimage","inLanguage":"fr-FR","url":"https:\/\/surunairdejapon.ch\/shop2020\/wp-content\/uploads\/2025\/12\/IMG_20251220_165534_311-1-scaled.jpg","contentUrl":"https:\/\/surunairdejapon.ch\/shop2020\/wp-content\/uploads\/2025\/12\/IMG_20251220_165534_311-1-scaled.jpg","width":2560,"height":1920},{"@type":"WebPage","@id":"https:\/\/surunairdejapon.ch\/shop2020\/produit\/livre-desquisses-petit-format\/#webpage","url":"https:\/\/surunairdejapon.ch\/shop2020\/produit\/livre-desquisses-petit-format\/","name":"Livre d'esquisses petit format - Shop Sur un air de Japon","isPartOf":{"@id":"https:\/\/surunairdejapon.ch\/shop2020\/#website"},"primaryImageOfPage":{"@id":"https:\/\/surunairdejapon.ch\/shop2020\/produit\/livre-desquisses-petit-format\/#primaryimage"},"datePublished":"2025-12-20T16:07:44+00:00","dateModified":"2025-12-20T16:11:02+00:00","breadcrumb":{"@id":"https:\/\/surunairdejapon.ch\/shop2020\/produit\/livre-desquisses-petit-format\/#breadcrumb"},"inLanguage":"fr-FR","potentialAction":[{"@type":"ReadAction","target":["https:\/\/surunairdejapon.ch\/shop2020\/produit\/livre-desquisses-petit-format\/"]}]},{"@type":"BreadcrumbList","@id":"https:\/\/surunairdejapon.ch\/shop2020\/produit\/livre-desquisses-petit-format\/#breadcrumb","itemListElement":[{"@type":"ListItem","position":1,"name":"Accueil","item":"https:\/\/surunairdejapon.ch\/shop2020\/"},{"@type":"ListItem","position":2,"name":"Boutique","item":"https:\/\/surunairdejapon.ch\/shop2020\/"},{"@type":"ListItem","position":3,"name":"Livre d&#8217;esquisses petit format"}]}]}},"_links":{"self":[{"href":"https:\/\/surunairdejapon.ch\/shop2020\/wp-json\/wp\/v2\/product\/2508"}],"collection":[{"href":"https:\/\/surunairdejapon.ch\/shop2020\/wp-json\/wp\/v2\/product"}],"about":[{"href":"https:\/\/surunairdejapon.ch\/shop2020\/wp-json\/wp\/v2\/types\/product"}],"replies":[{"embeddable":true,"href":"https:\/\/surunairdejapon.ch\/shop2020\/wp-json\/wp\/v2\/comments?post=2508"}],"wp:featuredmedia":[{"embeddable":true,"href":"https:\/\/surunairdejapon.ch\/shop2020\/wp-json\/wp\/v2\/media\/2498"}],"wp:attachment":[{"href":"https:\/\/surunairdejapon.ch\/shop2020\/wp-json\/wp\/v2\/media?parent=2508"}],"wp:term":[{"taxonomy":"product_cat","embeddable":true,"href":"https:\/\/surunairdejapon.ch\/shop2020\/wp-json\/wp\/v2\/product_cat?post=2508"},{"taxonomy":"product_tag","embeddable":true,"href":"https:\/\/surunairdejapon.ch\/shop2020\/wp-json\/wp\/v2\/product_tag?post=2508"}],"curies":[{"name":"wp","href":"https:\/\/api.w.org\/{rel}","templated":true}]}}