{"id":284,"date":"2020-05-07T14:44:24","date_gmt":"2020-05-07T12:44:24","guid":{"rendered":"https:\/\/surunairdejapon.ch\/shop2020\/?post_type=product&#038;p=284"},"modified":"2020-05-08T14:54:30","modified_gmt":"2020-05-08T12:54:30","slug":"fleur-geometrique","status":"publish","type":"product","link":"https:\/\/surunairdejapon.ch\/shop2020\/produit\/fleur-geometrique\/","title":{"rendered":"Fleur g\u00e9om\u00e9trique"},"content":{"rendered":"","protected":false},"excerpt":{"rendered":"<p>Fleur g\u00e9om\u00e9trique en r\u00e9sine, 1,5cm, attache en acier chirurgicale<\/p>\n","protected":false},"featured_media":251,"comment_status":"open","ping_status":"closed","template":"","meta":[],"product_cat":[17,56,73],"product_tag":[],"yoast_head":"<!-- This site is optimized with the Yoast SEO plugin v18.2 - https:\/\/yoast.com\/wordpress\/plugins\/seo\/ -->\n<title>Fleur g\u00e9om\u00e9trique - Shop Sur un air de Japon<\/title>\n<meta name=\"robots\" content=\"index, follow, max-snippet:-1, max-image-preview:large, max-video-preview:-1\" \/>\n<link rel=\"canonical\" href=\"https:\/\/surunairdejapon.ch\/shop2020\/produit\/fleur-geometrique\/\" \/>\n<meta property=\"og:locale\" content=\"fr_FR\" \/>\n<meta property=\"og:type\" content=\"article\" \/>\n<meta property=\"og:title\" content=\"Fleur g\u00e9om\u00e9trique - Shop Sur un air de Japon\" \/>\n<meta property=\"og:description\" content=\"Fleur g\u00e9om\u00e9trique en r\u00e9sine, 1,5cm, attache en acier chirurgicale\" \/>\n<meta property=\"og:url\" content=\"https:\/\/surunairdejapon.ch\/shop2020\/produit\/fleur-geometrique\/\" \/>\n<meta property=\"og:site_name\" content=\"Shop Sur un air de Japon\" \/>\n<meta property=\"article:modified_time\" content=\"2020-05-08T12:54:30+00:00\" \/>\n<meta property=\"og:image\" content=\"https:\/\/surunairdejapon.ch\/shop2020\/wp-content\/uploads\/2020\/05\/Bijoux_72-e1593520519740.jpg\" \/>\n\t<meta property=\"og:image:width\" content=\"768\" \/>\n\t<meta property=\"og:image:height\" content=\"819\" \/>\n\t<meta property=\"og:image:type\" content=\"image\/jpeg\" \/>\n<meta name=\"twitter:card\" content=\"summary_large_image\" \/>\n<script type=\"application\/ld+json\" class=\"yoast-schema-graph\">{\"@context\":\"https:\/\/schema.org\",\"@graph\":[{\"@type\":\"WebSite\",\"@id\":\"https:\/\/surunairdejapon.ch\/shop2020\/#website\",\"url\":\"https:\/\/surunairdejapon.ch\/shop2020\/\",\"name\":\"Shop Sur un air de Japon\",\"description\":\"\",\"potentialAction\":[{\"@type\":\"SearchAction\",\"target\":{\"@type\":\"EntryPoint\",\"urlTemplate\":\"https:\/\/surunairdejapon.ch\/shop2020\/?s={search_term_string}\"},\"query-input\":\"required name=search_term_string\"}],\"inLanguage\":\"fr-FR\"},{\"@type\":\"ImageObject\",\"@id\":\"https:\/\/surunairdejapon.ch\/shop2020\/produit\/fleur-geometrique\/#primaryimage\",\"inLanguage\":\"fr-FR\",\"url\":\"https:\/\/surunairdejapon.ch\/shop2020\/wp-content\/uploads\/2020\/05\/Bijoux_72-e1593520519740.jpg\",\"contentUrl\":\"https:\/\/surunairdejapon.ch\/shop2020\/wp-content\/uploads\/2020\/05\/Bijoux_72-e1593520519740.jpg\",\"width\":768,\"height\":819},{\"@type\":\"WebPage\",\"@id\":\"https:\/\/surunairdejapon.ch\/shop2020\/produit\/fleur-geometrique\/#webpage\",\"url\":\"https:\/\/surunairdejapon.ch\/shop2020\/produit\/fleur-geometrique\/\",\"name\":\"Fleur g\u00e9om\u00e9trique - Shop Sur un air de Japon\",\"isPartOf\":{\"@id\":\"https:\/\/surunairdejapon.ch\/shop2020\/#website\"},\"primaryImageOfPage\":{\"@id\":\"https:\/\/surunairdejapon.ch\/shop2020\/produit\/fleur-geometrique\/#primaryimage\"},\"datePublished\":\"2020-05-07T12:44:24+00:00\",\"dateModified\":\"2020-05-08T12:54:30+00:00\",\"breadcrumb\":{\"@id\":\"https:\/\/surunairdejapon.ch\/shop2020\/produit\/fleur-geometrique\/#breadcrumb\"},\"inLanguage\":\"fr-FR\",\"potentialAction\":[{\"@type\":\"ReadAction\",\"target\":[\"https:\/\/surunairdejapon.ch\/shop2020\/produit\/fleur-geometrique\/\"]}]},{\"@type\":\"BreadcrumbList\",\"@id\":\"https:\/\/surunairdejapon.ch\/shop2020\/produit\/fleur-geometrique\/#breadcrumb\",\"itemListElement\":[{\"@type\":\"ListItem\",\"position\":1,\"name\":\"Accueil\",\"item\":\"https:\/\/surunairdejapon.ch\/shop2020\/\"},{\"@type\":\"ListItem\",\"position\":2,\"name\":\"Boutique\",\"item\":\"https:\/\/surunairdejapon.ch\/shop2020\/\"},{\"@type\":\"ListItem\",\"position\":3,\"name\":\"Fleur g\u00e9om\u00e9trique\"}]}]}<\/script>\n<!-- \/ Yoast SEO plugin. -->","yoast_head_json":{"title":"Fleur g\u00e9om\u00e9trique - Shop Sur un air de Japon","robots":{"index":"index","follow":"follow","max-snippet":"max-snippet:-1","max-image-preview":"max-image-preview:large","max-video-preview":"max-video-preview:-1"},"canonical":"https:\/\/surunairdejapon.ch\/shop2020\/produit\/fleur-geometrique\/","og_locale":"fr_FR","og_type":"article","og_title":"Fleur g\u00e9om\u00e9trique - Shop Sur un air de Japon","og_description":"Fleur g\u00e9om\u00e9trique en r\u00e9sine, 1,5cm, attache en acier chirurgicale","og_url":"https:\/\/surunairdejapon.ch\/shop2020\/produit\/fleur-geometrique\/","og_site_name":"Shop Sur un air de Japon","article_modified_time":"2020-05-08T12:54:30+00:00","og_image":[{"width":768,"height":819,"url":"https:\/\/surunairdejapon.ch\/shop2020\/wp-content\/uploads\/2020\/05\/Bijoux_72-e1593520519740.jpg","type":"image\/jpeg"}],"twitter_card":"summary_large_image","schema":{"@context":"https:\/\/schema.org","@graph":[{"@type":"WebSite","@id":"https:\/\/surunairdejapon.ch\/shop2020\/#website","url":"https:\/\/surunairdejapon.ch\/shop2020\/","name":"Shop Sur un air de Japon","description":"","potentialAction":[{"@type":"SearchAction","target":{"@type":"EntryPoint","urlTemplate":"https:\/\/surunairdejapon.ch\/shop2020\/?s={search_term_string}"},"query-input":"required name=search_term_string"}],"inLanguage":"fr-FR"},{"@type":"ImageObject","@id":"https:\/\/surunairdejapon.ch\/shop2020\/produit\/fleur-geometrique\/#primaryimage","inLanguage":"fr-FR","url":"https:\/\/surunairdejapon.ch\/shop2020\/wp-content\/uploads\/2020\/05\/Bijoux_72-e1593520519740.jpg","contentUrl":"https:\/\/surunairdejapon.ch\/shop2020\/wp-content\/uploads\/2020\/05\/Bijoux_72-e1593520519740.jpg","width":768,"height":819},{"@type":"WebPage","@id":"https:\/\/surunairdejapon.ch\/shop2020\/produit\/fleur-geometrique\/#webpage","url":"https:\/\/surunairdejapon.ch\/shop2020\/produit\/fleur-geometrique\/","name":"Fleur g\u00e9om\u00e9trique - Shop Sur un air de Japon","isPartOf":{"@id":"https:\/\/surunairdejapon.ch\/shop2020\/#website"},"primaryImageOfPage":{"@id":"https:\/\/surunairdejapon.ch\/shop2020\/produit\/fleur-geometrique\/#primaryimage"},"datePublished":"2020-05-07T12:44:24+00:00","dateModified":"2020-05-08T12:54:30+00:00","breadcrumb":{"@id":"https:\/\/surunairdejapon.ch\/shop2020\/produit\/fleur-geometrique\/#breadcrumb"},"inLanguage":"fr-FR","potentialAction":[{"@type":"ReadAction","target":["https:\/\/surunairdejapon.ch\/shop2020\/produit\/fleur-geometrique\/"]}]},{"@type":"BreadcrumbList","@id":"https:\/\/surunairdejapon.ch\/shop2020\/produit\/fleur-geometrique\/#breadcrumb","itemListElement":[{"@type":"ListItem","position":1,"name":"Accueil","item":"https:\/\/surunairdejapon.ch\/shop2020\/"},{"@type":"ListItem","position":2,"name":"Boutique","item":"https:\/\/surunairdejapon.ch\/shop2020\/"},{"@type":"ListItem","position":3,"name":"Fleur g\u00e9om\u00e9trique"}]}]}},"_links":{"self":[{"href":"https:\/\/surunairdejapon.ch\/shop2020\/wp-json\/wp\/v2\/product\/284"}],"collection":[{"href":"https:\/\/surunairdejapon.ch\/shop2020\/wp-json\/wp\/v2\/product"}],"about":[{"href":"https:\/\/surunairdejapon.ch\/shop2020\/wp-json\/wp\/v2\/types\/product"}],"replies":[{"embeddable":true,"href":"https:\/\/surunairdejapon.ch\/shop2020\/wp-json\/wp\/v2\/comments?post=284"}],"wp:featuredmedia":[{"embeddable":true,"href":"https:\/\/surunairdejapon.ch\/shop2020\/wp-json\/wp\/v2\/media\/251"}],"wp:attachment":[{"href":"https:\/\/surunairdejapon.ch\/shop2020\/wp-json\/wp\/v2\/media?parent=284"}],"wp:term":[{"taxonomy":"product_cat","embeddable":true,"href":"https:\/\/surunairdejapon.ch\/shop2020\/wp-json\/wp\/v2\/product_cat?post=284"},{"taxonomy":"product_tag","embeddable":true,"href":"https:\/\/surunairdejapon.ch\/shop2020\/wp-json\/wp\/v2\/product_tag?post=284"}],"curies":[{"name":"wp","href":"https:\/\/api.w.org\/{rel}","templated":true}]}}