{"id":415,"date":"2020-05-08T17:53:47","date_gmt":"2020-05-08T15:53:47","guid":{"rendered":"https:\/\/surunairdejapon.ch\/shop2020\/?post_type=product&#038;p=415"},"modified":"2023-05-17T13:15:27","modified_gmt":"2023-05-17T11:15:27","slug":"pochette-ki-yan","status":"publish","type":"product","link":"https:\/\/surunairdejapon.ch\/shop2020\/produit\/pochette-ki-yan\/","title":{"rendered":"Pochette \u00e0 bandouli\u00e8re ki-yan Stuzio"},"content":{"rendered":"","protected":false},"excerpt":{"rendered":"<p>Pochette 100% coton, bandouli\u00e8re cuir, 24x16cm,<br \/>\nFait mains Japon<br \/>\ns\u00e9rie limit\u00e9e<\/p>\n","protected":false},"featured_media":477,"comment_status":"open","ping_status":"closed","template":"","meta":[],"product_cat":[17,84],"product_tag":[],"yoast_head":"<!-- This site is optimized with the Yoast SEO plugin v18.2 - https:\/\/yoast.com\/wordpress\/plugins\/seo\/ -->\n<title>Pochette \u00e0 bandouli\u00e8re ki-yan Stuzio - Shop Sur un air de Japon<\/title>\n<meta name=\"robots\" content=\"index, follow, max-snippet:-1, max-image-preview:large, max-video-preview:-1\" \/>\n<link rel=\"canonical\" href=\"https:\/\/surunairdejapon.ch\/shop2020\/produit\/pochette-ki-yan\/\" \/>\n<meta property=\"og:locale\" content=\"fr_FR\" \/>\n<meta property=\"og:type\" content=\"article\" \/>\n<meta property=\"og:title\" content=\"Pochette \u00e0 bandouli\u00e8re ki-yan Stuzio - Shop Sur un air de Japon\" \/>\n<meta property=\"og:description\" content=\"Pochette 100% coton, bandouli\u00e8re cuir, 24x16cm, Fait mains Japon s\u00e9rie limit\u00e9e\" \/>\n<meta property=\"og:url\" content=\"https:\/\/surunairdejapon.ch\/shop2020\/produit\/pochette-ki-yan\/\" \/>\n<meta property=\"og:site_name\" content=\"Shop Sur un air de Japon\" \/>\n<meta property=\"article:modified_time\" content=\"2023-05-17T11:15:27+00:00\" \/>\n<meta property=\"og:image\" content=\"https:\/\/surunairdejapon.ch\/shop2020\/wp-content\/uploads\/2020\/05\/Sac_131.jpg\" \/>\n\t<meta property=\"og:image:width\" content=\"1024\" \/>\n\t<meta property=\"og:image:height\" content=\"605\" \/>\n\t<meta property=\"og:image:type\" content=\"image\/jpeg\" \/>\n<meta name=\"twitter:card\" content=\"summary_large_image\" \/>\n<script type=\"application\/ld+json\" class=\"yoast-schema-graph\">{\"@context\":\"https:\/\/schema.org\",\"@graph\":[{\"@type\":\"WebSite\",\"@id\":\"https:\/\/surunairdejapon.ch\/shop2020\/#website\",\"url\":\"https:\/\/surunairdejapon.ch\/shop2020\/\",\"name\":\"Shop Sur un air de Japon\",\"description\":\"\",\"potentialAction\":[{\"@type\":\"SearchAction\",\"target\":{\"@type\":\"EntryPoint\",\"urlTemplate\":\"https:\/\/surunairdejapon.ch\/shop2020\/?s={search_term_string}\"},\"query-input\":\"required name=search_term_string\"}],\"inLanguage\":\"fr-FR\"},{\"@type\":\"ImageObject\",\"@id\":\"https:\/\/surunairdejapon.ch\/shop2020\/produit\/pochette-ki-yan\/#primaryimage\",\"inLanguage\":\"fr-FR\",\"url\":\"https:\/\/surunairdejapon.ch\/shop2020\/wp-content\/uploads\/2020\/05\/Sac_131.jpg\",\"contentUrl\":\"https:\/\/surunairdejapon.ch\/shop2020\/wp-content\/uploads\/2020\/05\/Sac_131.jpg\",\"width\":1024,\"height\":605},{\"@type\":\"WebPage\",\"@id\":\"https:\/\/surunairdejapon.ch\/shop2020\/produit\/pochette-ki-yan\/#webpage\",\"url\":\"https:\/\/surunairdejapon.ch\/shop2020\/produit\/pochette-ki-yan\/\",\"name\":\"Pochette \u00e0 bandouli\u00e8re ki-yan Stuzio - Shop Sur un air de Japon\",\"isPartOf\":{\"@id\":\"https:\/\/surunairdejapon.ch\/shop2020\/#website\"},\"primaryImageOfPage\":{\"@id\":\"https:\/\/surunairdejapon.ch\/shop2020\/produit\/pochette-ki-yan\/#primaryimage\"},\"datePublished\":\"2020-05-08T15:53:47+00:00\",\"dateModified\":\"2023-05-17T11:15:27+00:00\",\"breadcrumb\":{\"@id\":\"https:\/\/surunairdejapon.ch\/shop2020\/produit\/pochette-ki-yan\/#breadcrumb\"},\"inLanguage\":\"fr-FR\",\"potentialAction\":[{\"@type\":\"ReadAction\",\"target\":[\"https:\/\/surunairdejapon.ch\/shop2020\/produit\/pochette-ki-yan\/\"]}]},{\"@type\":\"BreadcrumbList\",\"@id\":\"https:\/\/surunairdejapon.ch\/shop2020\/produit\/pochette-ki-yan\/#breadcrumb\",\"itemListElement\":[{\"@type\":\"ListItem\",\"position\":1,\"name\":\"Accueil\",\"item\":\"https:\/\/surunairdejapon.ch\/shop2020\/\"},{\"@type\":\"ListItem\",\"position\":2,\"name\":\"Boutique\",\"item\":\"https:\/\/surunairdejapon.ch\/shop2020\/\"},{\"@type\":\"ListItem\",\"position\":3,\"name\":\"Pochette \u00e0 bandouli\u00e8re ki-yan Stuzio\"}]}]}<\/script>\n<!-- \/ Yoast SEO plugin. -->","yoast_head_json":{"title":"Pochette \u00e0 bandouli\u00e8re ki-yan Stuzio - Shop Sur un air de Japon","robots":{"index":"index","follow":"follow","max-snippet":"max-snippet:-1","max-image-preview":"max-image-preview:large","max-video-preview":"max-video-preview:-1"},"canonical":"https:\/\/surunairdejapon.ch\/shop2020\/produit\/pochette-ki-yan\/","og_locale":"fr_FR","og_type":"article","og_title":"Pochette \u00e0 bandouli\u00e8re ki-yan Stuzio - Shop Sur un air de Japon","og_description":"Pochette 100% coton, bandouli\u00e8re cuir, 24x16cm, Fait mains Japon s\u00e9rie limit\u00e9e","og_url":"https:\/\/surunairdejapon.ch\/shop2020\/produit\/pochette-ki-yan\/","og_site_name":"Shop Sur un air de Japon","article_modified_time":"2023-05-17T11:15:27+00:00","og_image":[{"width":1024,"height":605,"url":"https:\/\/surunairdejapon.ch\/shop2020\/wp-content\/uploads\/2020\/05\/Sac_131.jpg","type":"image\/jpeg"}],"twitter_card":"summary_large_image","schema":{"@context":"https:\/\/schema.org","@graph":[{"@type":"WebSite","@id":"https:\/\/surunairdejapon.ch\/shop2020\/#website","url":"https:\/\/surunairdejapon.ch\/shop2020\/","name":"Shop Sur un air de Japon","description":"","potentialAction":[{"@type":"SearchAction","target":{"@type":"EntryPoint","urlTemplate":"https:\/\/surunairdejapon.ch\/shop2020\/?s={search_term_string}"},"query-input":"required name=search_term_string"}],"inLanguage":"fr-FR"},{"@type":"ImageObject","@id":"https:\/\/surunairdejapon.ch\/shop2020\/produit\/pochette-ki-yan\/#primaryimage","inLanguage":"fr-FR","url":"https:\/\/surunairdejapon.ch\/shop2020\/wp-content\/uploads\/2020\/05\/Sac_131.jpg","contentUrl":"https:\/\/surunairdejapon.ch\/shop2020\/wp-content\/uploads\/2020\/05\/Sac_131.jpg","width":1024,"height":605},{"@type":"WebPage","@id":"https:\/\/surunairdejapon.ch\/shop2020\/produit\/pochette-ki-yan\/#webpage","url":"https:\/\/surunairdejapon.ch\/shop2020\/produit\/pochette-ki-yan\/","name":"Pochette \u00e0 bandouli\u00e8re ki-yan Stuzio - Shop Sur un air de Japon","isPartOf":{"@id":"https:\/\/surunairdejapon.ch\/shop2020\/#website"},"primaryImageOfPage":{"@id":"https:\/\/surunairdejapon.ch\/shop2020\/produit\/pochette-ki-yan\/#primaryimage"},"datePublished":"2020-05-08T15:53:47+00:00","dateModified":"2023-05-17T11:15:27+00:00","breadcrumb":{"@id":"https:\/\/surunairdejapon.ch\/shop2020\/produit\/pochette-ki-yan\/#breadcrumb"},"inLanguage":"fr-FR","potentialAction":[{"@type":"ReadAction","target":["https:\/\/surunairdejapon.ch\/shop2020\/produit\/pochette-ki-yan\/"]}]},{"@type":"BreadcrumbList","@id":"https:\/\/surunairdejapon.ch\/shop2020\/produit\/pochette-ki-yan\/#breadcrumb","itemListElement":[{"@type":"ListItem","position":1,"name":"Accueil","item":"https:\/\/surunairdejapon.ch\/shop2020\/"},{"@type":"ListItem","position":2,"name":"Boutique","item":"https:\/\/surunairdejapon.ch\/shop2020\/"},{"@type":"ListItem","position":3,"name":"Pochette \u00e0 bandouli\u00e8re ki-yan Stuzio"}]}]}},"_links":{"self":[{"href":"https:\/\/surunairdejapon.ch\/shop2020\/wp-json\/wp\/v2\/product\/415"}],"collection":[{"href":"https:\/\/surunairdejapon.ch\/shop2020\/wp-json\/wp\/v2\/product"}],"about":[{"href":"https:\/\/surunairdejapon.ch\/shop2020\/wp-json\/wp\/v2\/types\/product"}],"replies":[{"embeddable":true,"href":"https:\/\/surunairdejapon.ch\/shop2020\/wp-json\/wp\/v2\/comments?post=415"}],"wp:featuredmedia":[{"embeddable":true,"href":"https:\/\/surunairdejapon.ch\/shop2020\/wp-json\/wp\/v2\/media\/477"}],"wp:attachment":[{"href":"https:\/\/surunairdejapon.ch\/shop2020\/wp-json\/wp\/v2\/media?parent=415"}],"wp:term":[{"taxonomy":"product_cat","embeddable":true,"href":"https:\/\/surunairdejapon.ch\/shop2020\/wp-json\/wp\/v2\/product_cat?post=415"},{"taxonomy":"product_tag","embeddable":true,"href":"https:\/\/surunairdejapon.ch\/shop2020\/wp-json\/wp\/v2\/product_tag?post=415"}],"curies":[{"name":"wp","href":"https:\/\/api.w.org\/{rel}","templated":true}]}}